{"id":709,"date":"2023-06-17T18:34:15","date_gmt":"2023-06-17T18:34:15","guid":{"rendered":"https:\/\/accf.unitru.edu.pe\/?page_id=709"},"modified":"2024-05-13T15:19:21","modified_gmt":"2024-05-13T15:19:21","slug":"gicfa","status":"publish","type":"page","link":"https:\/\/accf.unitru.edu.pe\/index.php\/gicfa","title":{"rendered":"GICFA"},"content":{"rendered":"\n<figure class=\"wp-block-gallery has-nested-images columns-default is-cropped wp-block-gallery-1 is-layout-flex wp-block-gallery-is-layout-flex\">\n<figure class=\"wp-block-image size-large\"><img loading=\"lazy\" decoding=\"async\" width=\"768\" height=\"1024\" data-id=\"1087\" src=\"https:\/\/accf.unitru.edu.pe\/wp-content\/uploads\/2024\/05\/Sin-titulo-Copia-768x1024.png\" alt=\"\" class=\"wp-image-1087\" srcset=\"https:\/\/accf.unitru.edu.pe\/wp-content\/uploads\/2024\/05\/Sin-titulo-Copia-768x1024.png 768w, https:\/\/accf.unitru.edu.pe\/wp-content\/uploads\/2024\/05\/Sin-titulo-Copia-225x300.png 225w, https:\/\/accf.unitru.edu.pe\/wp-content\/uploads\/2024\/05\/Sin-titulo-Copia-1152x1536.png 1152w, https:\/\/accf.unitru.edu.pe\/wp-content\/uploads\/2024\/05\/Sin-titulo-Copia-1536x2048.png 1536w, https:\/\/accf.unitru.edu.pe\/wp-content\/uploads\/2024\/05\/Sin-titulo-Copia-1024x1366.png 1024w, https:\/\/accf.unitru.edu.pe\/wp-content\/uploads\/2024\/05\/Sin-titulo-Copia.png 1771w\" sizes=\"auto, (max-width: 768px) 100vw, 768px\" \/><\/figure>\n<\/figure>\n\n\n\n<p><a href=\"https:\/\/drive.google.com\/file\/d\/1kYvwu0hNi23dBXVoDu9odn2girl7SKEy\/view?usp=sharing\" target=\"_blank\" rel=\"noreferrer noopener\">RESOLUCI\u00d3N VICERRECTORAL N\u00b0 012-2023-VIN-UNT.pdf<\/a><\/p>\n\n\n\n<p><strong><mark style=\"background-color:rgba(0, 0, 0, 0)\" class=\"has-inline-color has-vivid-red-color\">Research interests <\/mark><\/strong><\/p>\n\n\n\n<ul class=\"wp-block-list\">\n<li>Applied  Mathematics <\/li>\n\n\n\n<li>Fractional Calculus<\/li>\n\n\n\n<li>Fractional Differential Equations<\/li>\n\n\n\n<li>Elliptic Partial Differential Equations <\/li>\n<\/ul>\n\n\n\n<p><strong><mark style=\"background-color:rgba(0, 0, 0, 0);color:#103ec6\" class=\"has-inline-color\">DIRECTOR<\/mark><\/strong><\/p>\n\n\n\n<figure class=\"wp-block-table aligncenter\"><table><tbody><tr><td class=\"has-text-align-left\" data-align=\"left\">Dr. C\u00e9sar E. Torres Ledesma<br><a rel=\"noreferrer noopener\" href=\"https:\/\/dina.concytec.gob.pe\/appDirectorioCTI\/VerDatosInvestigador.do?id_investigador=33705\" target=\"_blank\"><img decoding=\"async\" style=\"width: 275px;\" src=\"https:\/\/accf.unitru.edu.pe\/wp-content\/uploads\/2023\/06\/IMG_0616.png\" alt=\"\"><\/a><br><strong><mark style=\"background-color:rgba(0, 0, 0, 0)\" class=\"has-inline-color has-vivid-cyan-blue-color\">NIVEL:<\/mark><\/strong> <strong>INVESTIGADOR DISTINGUIDO<\/strong><br>P0033705<br><strong>Docente Investigador &#8211; UNT<\/strong><br>Email: etorres@unitru.edu.pe<br>Office: N\u00b0 26 &#8211; Pabell\u00f3n de Matem\u00e1ticas<br>Phone: +51945287513<br>&nbsp;UNIVERSIDAD NACIONAL DE TRUJILLO<\/td><td><img loading=\"lazy\" decoding=\"async\" width=\"150\" height=\"199\" class=\"wp-image-564\" style=\"width: 150px;\" src=\"https:\/\/accf.unitru.edu.pe\/wp-content\/uploads\/2023\/05\/IMG_4849.jpeg\" alt=\"\" srcset=\"https:\/\/accf.unitru.edu.pe\/wp-content\/uploads\/2023\/05\/IMG_4849.jpeg 368w, https:\/\/accf.unitru.edu.pe\/wp-content\/uploads\/2023\/05\/IMG_4849-226x300.jpeg 226w\" sizes=\"auto, (max-width: 150px) 100vw, 150px\" \/><\/td><\/tr><\/tbody><\/table><\/figure>\n\n\n\n<p><strong><mark style=\"background-color:rgba(0, 0, 0, 0)\" class=\"has-inline-color has-vivid-red-color\">Members<\/mark><\/strong><\/p>\n\n\n\n<figure class=\"wp-block-table\"><table><tbody><tr><td>Dr. Hern\u00e1n Arqu\u00edmedes Cuti Guti\u00e9rrez<br><a rel=\"noreferrer noopener\" href=\"https:\/\/dina.concytec.gob.pe\/appDirectorioCTI\/VerDatosInvestigador.do?id_investigador=702\" target=\"_blank\"><img decoding=\"async\" style=\"width: 275px;\" src=\"https:\/\/accf.unitru.edu.pe\/wp-content\/uploads\/2023\/06\/IMG_0616.png\" alt=\"\"><\/a> <br>P0000702<br><strong>Docente Investigador &#8211; UNT<\/strong><br>E-mail:&nbsp;<a href=\"mailto:hcuti@unitru.edu.pe\">hcuti@unitru.edu.pe<\/a><br>UNIVERSIDAD NACIONAL DE TRUJILLO<\/td><td><img loading=\"lazy\" decoding=\"async\" width=\"150\" height=\"215\" class=\"wp-image-565\" style=\"width: 150px;\" src=\"https:\/\/accf.unitru.edu.pe\/wp-content\/uploads\/2023\/05\/IMG_4850-e1687029615156.jpeg\" alt=\"\" srcset=\"https:\/\/accf.unitru.edu.pe\/wp-content\/uploads\/2023\/05\/IMG_4850-e1687029615156.jpeg 324w, https:\/\/accf.unitru.edu.pe\/wp-content\/uploads\/2023\/05\/IMG_4850-e1687029615156-209x300.jpeg 209w\" sizes=\"auto, (max-width: 150px) 100vw, 150px\" \/><\/td><\/tr><tr><td>Dr. Gilberto Amado M\u00e9ndez Cruz<br><a href=\"https:\/\/dina.concytec.gob.pe\/appDirectorioCTI\/VerDatosInvestigador.do?id_investigador=925\"><img decoding=\"async\" style=\"width: 275px;\" src=\"https:\/\/accf.unitru.edu.pe\/wp-content\/uploads\/2023\/06\/IMG_0616.png\" alt=\"\"> <\/a><br>P0000925<br><strong>Docente Investigador &#8211; UNT<\/strong><br>E-mail:&nbsp;<a href=\"gmendez@unitru.edu.pe\">gmendez@unitru.edu.pe<\/a><br>UNIVERSIDAD NACIONAL DE TRUJILLO<br><\/td><td><img loading=\"lazy\" decoding=\"async\" width=\"150\" height=\"191\" class=\"wp-image-566\" style=\"width: 150px;\" src=\"https:\/\/accf.unitru.edu.pe\/wp-content\/uploads\/2023\/05\/IMG_4848-1.jpeg\" alt=\"\" srcset=\"https:\/\/accf.unitru.edu.pe\/wp-content\/uploads\/2023\/05\/IMG_4848-1.jpeg 281w, https:\/\/accf.unitru.edu.pe\/wp-content\/uploads\/2023\/05\/IMG_4848-1-235x300.jpeg 235w\" sizes=\"auto, (max-width: 150px) 100vw, 150px\" \/><\/td><\/tr><tr><td>Dr. Manuel Cosme Montalvo Bonilla<br><a rel=\"noreferrer noopener\" href=\"https:\/\/dina.concytec.gob.pe\/appDirectorioCTI\/VerDatosInvestigador.do?id_investigador=69493\" target=\"_blank\"><img decoding=\"async\" style=\"width: 275px;\" src=\"https:\/\/accf.unitru.edu.pe\/wp-content\/uploads\/2023\/06\/IMG_0616.png\" alt=\"\"><\/a><br>P0069493<br><strong>Docente Investigador &#8211; UNT<\/strong><br>E-mail: mmontalvo@unitru.edu.pe<br>UNIVERSIDAD NACIONAL DE TRUJILLO<\/td><td><img loading=\"lazy\" decoding=\"async\" width=\"150\" height=\"185\" class=\"wp-image-567\" style=\"width: 150px;\" src=\"https:\/\/accf.unitru.edu.pe\/wp-content\/uploads\/2023\/05\/IMG_4851.jpeg\" alt=\"\" srcset=\"https:\/\/accf.unitru.edu.pe\/wp-content\/uploads\/2023\/05\/IMG_4851.jpeg 360w, https:\/\/accf.unitru.edu.pe\/wp-content\/uploads\/2023\/05\/IMG_4851-243x300.jpeg 243w\" sizes=\"auto, (max-width: 150px) 100vw, 150px\" \/><\/td><\/tr><tr><td>Dr. Jes\u00fas Pascual Avalos Rodr\u00edguez<br><a rel=\"noreferrer noopener\" href=\"https:\/\/dina.concytec.gob.pe\/appDirectorioCTI\/VerDatosInvestigador.do?id_investigador=64371\" target=\"_blank\"><img decoding=\"async\" style=\"width: 275px;\" src=\"https:\/\/accf.unitru.edu.pe\/wp-content\/uploads\/2023\/06\/IMG_0616.png\" alt=\"\"><\/a><br>P00064731<br><strong>Docente Investigador &#8211; UNT<\/strong><br>E-mail: javalos@unitru.edu.pe <br>UNIVERSIDAD NACIONAL DE TRUJILLO<\/td><td><img loading=\"lazy\" decoding=\"async\" width=\"150\" height=\"196\" class=\"wp-image-573\" style=\"width: 150px;\" src=\"https:\/\/accf.unitru.edu.pe\/wp-content\/uploads\/2023\/05\/IMG_1083.jpeg\" alt=\"\" srcset=\"https:\/\/accf.unitru.edu.pe\/wp-content\/uploads\/2023\/05\/IMG_1083.jpeg 748w, https:\/\/accf.unitru.edu.pe\/wp-content\/uploads\/2023\/05\/IMG_1083-230x300.jpeg 230w\" sizes=\"auto, (max-width: 150px) 100vw, 150px\" \/><\/td><\/tr><tr><td>Dr. Willy Frank Zubiaga Vera<br><img decoding=\"async\" style=\"width: 275px;\" src=\"https:\/\/accf.unitru.edu.pe\/wp-content\/uploads\/2023\/06\/IMG_0616.png\" alt=\"\"><br><br>E-mail: wzubiaga@unitru.edu.pe <br>UNIVERSIDAD NACIONAL DE TRUJILLO<\/td><td><img loading=\"lazy\" decoding=\"async\" width=\"150\" height=\"207\" class=\"wp-image-570\" style=\"width: 150px;\" src=\"https:\/\/accf.unitru.edu.pe\/wp-content\/uploads\/2023\/05\/IMG_4854.jpeg\" alt=\"\" srcset=\"https:\/\/accf.unitru.edu.pe\/wp-content\/uploads\/2023\/05\/IMG_4854.jpeg 368w, https:\/\/accf.unitru.edu.pe\/wp-content\/uploads\/2023\/05\/IMG_4854-217x300.jpeg 217w\" sizes=\"auto, (max-width: 150px) 100vw, 150px\" \/><\/td><\/tr><tr><td>Mg. Jose Vanterler Da Costa Sousa<br>UNIVERSIDAD ESTADUAL DE CAMPINAS &#8211; BRASIL<\/td><td><img loading=\"lazy\" decoding=\"async\" width=\"121\" height=\"164\" class=\"wp-image-744\" style=\"width: 121px;\" src=\"https:\/\/accf.unitru.edu.pe\/wp-content\/uploads\/2023\/06\/IMG_0614.png\" alt=\"\"><\/td><\/tr><\/tbody><\/table><\/figure>\n\n\n\n<p>STUDENTS<\/p>\n\n\n\n<figure class=\"wp-block-table\"><table><tbody><tr><td>Mg. George William ALama Quiroz<\/td><td><\/td><\/tr><tr><td>Felipe Sebasti\u00e1n Arraiza Z\u00fa\u00f1iga<\/td><td><\/td><\/tr><\/tbody><\/table><\/figure>\n","protected":false},"excerpt":{"rendered":"<p>RESOLUCI\u00d3N VICERRECTORAL N\u00b0 012-2023-VIN-UNT.pdf Research interests DIRECTOR Dr. C\u00e9sar E.<\/p>\n","protected":false},"author":2,"featured_media":0,"parent":0,"menu_order":0,"comment_status":"closed","ping_status":"closed","template":"","meta":{"footnotes":""},"class_list":["post-709","page","type-page","status-publish","hentry"],"_links":{"self":[{"href":"https:\/\/accf.unitru.edu.pe\/index.php\/wp-json\/wp\/v2\/pages\/709","targetHints":{"allow":["GET"]}}],"collection":[{"href":"https:\/\/accf.unitru.edu.pe\/index.php\/wp-json\/wp\/v2\/pages"}],"about":[{"href":"https:\/\/accf.unitru.edu.pe\/index.php\/wp-json\/wp\/v2\/types\/page"}],"author":[{"embeddable":true,"href":"https:\/\/accf.unitru.edu.pe\/index.php\/wp-json\/wp\/v2\/users\/2"}],"replies":[{"embeddable":true,"href":"https:\/\/accf.unitru.edu.pe\/index.php\/wp-json\/wp\/v2\/comments?post=709"}],"version-history":[{"count":22,"href":"https:\/\/accf.unitru.edu.pe\/index.php\/wp-json\/wp\/v2\/pages\/709\/revisions"}],"predecessor-version":[{"id":1089,"href":"https:\/\/accf.unitru.edu.pe\/index.php\/wp-json\/wp\/v2\/pages\/709\/revisions\/1089"}],"wp:attachment":[{"href":"https:\/\/accf.unitru.edu.pe\/index.php\/wp-json\/wp\/v2\/media?parent=709"}],"curies":[{"name":"wp","href":"https:\/\/api.w.org\/{rel}","templated":true}]}}