{"id":325,"date":"2023-05-19T23:55:39","date_gmt":"2023-05-19T23:55:39","guid":{"rendered":"https:\/\/accf2.unitru.edu.pe\/?page_id=325"},"modified":"2025-06-20T16:00:23","modified_gmt":"2025-06-20T16:00:23","slug":"libros","status":"publish","type":"page","link":"https:\/\/accf.unitru.edu.pe\/index.php\/libros","title":{"rendered":"Libros"},"content":{"rendered":"\n<figure class=\"wp-block-table has-small-font-size\"><table class=\"has-fixed-layout\"><tbody><tr><td><strong>Introducci\u00f3n al an\u00e1lisis matem\u00e1tico<\/strong><br><strong>Autor:<\/strong><a href=\"https:\/\/isbn.bnp.gob.pe\/catalogo.php?mode=busqueda_menu&amp;id_autor=48672\">Torres Ledesma, C\u00e9sar Enrique<\/a><br><a href=\"https:\/\/isbn.bnp.gob.pe\/catalogo.php?mode=busqueda_menu&amp;id_autor=71448\">\u00c1valos Rodr\u00edguez, Jes\u00fas Pascual<\/a><br><a href=\"https:\/\/isbn.bnp.gob.pe\/catalogo.php?mode=busqueda_menu&amp;id_autor=71443\">Cuti Guti\u00e9rrez, Hern\u00e1n Arqu\u00edmides<\/a><br><a href=\"https:\/\/isbn.bnp.gob.pe\/catalogo.php?mode=busqueda_menu&amp;id_autor=73907\">Montalvo Bonilla, Manuel Cosme<\/a><br><a href=\"https:\/\/isbn.bnp.gob.pe\/catalogo.php?mode=busqueda_menu&amp;id_autor=95526\">Pichardo Diestra, Oliverio<\/a><br><strong>Editorial:<\/strong><a href=\"https:\/\/isbn.bnp.gob.pe\/catalogo.php?mode=busqueda_menu&amp;id_editor=1125\">Universidad Nacional de Trujillo<\/a><br><strong>Materia:<\/strong><a href=\"https:\/\/isbn.bnp.gob.pe\/catalogo.php?mode=busqueda_menu&amp;id_materia=510\">Matem\u00e1ticas<\/a><br><strong>P\u00fablico objetivo:<\/strong><a href=\"https:\/\/isbn.bnp.gob.pe\/catalogo.php?mode=busqueda_menu&amp;id_audiencia=5\">Ense\u00f1anza universitaria o superior<\/a><br><strong>Publicado:<\/strong>2025-03-07<br><strong>N\u00famero de edici\u00f3n:<\/strong>1<br><strong>N\u00famero de p\u00e1ginas:<\/strong>343<br><strong>Tama\u00f1o:<\/strong>18x24cm.<br><strong>Precio:<\/strong>S\/70<br><strong>Encuadernaci\u00f3n:<\/strong>Tapa blanda o r\u00fastica<br><strong>Soporte:<\/strong>Impreso<br><strong>Idioma:<\/strong>Espa\u00f1ol<\/td><td><strong>ISBN<\/strong>\u00a0<a href=\"https:\/\/isbn.bnp.gob.pe\/catalogo.php?mode=detalle&amp;nt=155677\">978-612-323-121-7<\/a><br><img loading=\"lazy\" decoding=\"async\" width=\"250\" height=\"300\" class=\"wp-image-1147\" style=\"width: 250px;\" src=\"https:\/\/accf.unitru.edu.pe\/wp-content\/uploads\/2025\/05\/IMG_1557.png\" alt=\"\" srcset=\"https:\/\/accf.unitru.edu.pe\/wp-content\/uploads\/2025\/05\/IMG_1557.png 516w, https:\/\/accf.unitru.edu.pe\/wp-content\/uploads\/2025\/05\/IMG_1557-250x300.png 250w\" sizes=\"auto, (max-width: 250px) 100vw, 250px\" \/><br><\/td><\/tr><tr><td><strong>Desarrollo del pensamiento l\u00f3gico matem\u00e1tico<\/strong><br>Autor:<a href=\"http:\/\/isbn.bnp.gob.pe\/catalogo.php?mode=busqueda_menu&amp;id_autor=48672\">Torres Ledesma, C\u00e9sar<\/a><br><a href=\"http:\/\/isbn.bnp.gob.pe\/catalogo.php?mode=busqueda_menu&amp;id_autor=71443\">Cuti Guti\u00e9rrez, Hern\u00e1n<\/a><br><a href=\"http:\/\/isbn.bnp.gob.pe\/catalogo.php?mode=busqueda_menu&amp;id_autor=71448\">\u00c1valos Rodr\u00edguez, Jes\u00fas Pascual<\/a><br><a href=\"http:\/\/isbn.bnp.gob.pe\/catalogo.php?mode=busqueda_menu&amp;id_autor=73907\">Montalvo Bonilla, Manuel Cosme<\/a><br>Editorial:&nbsp;<a href=\"http:\/\/isbn.bnp.gob.pe\/catalogo.php?mode=busqueda_menu&amp;id_editor=1125\">Universidad Nacional de Trujillo<\/a><br>Materia:&nbsp;<a href=\"http:\/\/isbn.bnp.gob.pe\/catalogo.php?mode=busqueda_menu&amp;id_materia=512\">Matem\u00e1ticas<\/a><br>P\u00fablico objetivo:&nbsp;<a href=\"http:\/\/isbn.bnp.gob.pe\/catalogo.php?mode=busqueda_menu&amp;id_audiencia=5\">Ense\u00f1anza universitaria o superior<\/a><br>Publicado:2025-03-07<br>N\u00famero de edici\u00f3n:<strong>2<\/strong><br>N\u00famero de p\u00e1ginas:377<br>Tama\u00f1o:17.5&#215;23.5cm.<br>Precio:S\/70<br>Encuadernaci\u00f3n:Tapa blanda o r\u00fastica<br>Soporte:Impreso<br>Idioma:Espa\u00f1olConsulta compra:&nbsp;<a href=\"mailto:accf@unitru.Edu.pe\">accf@unitru.edu.pe<\/a>&nbsp;<\/td><td><strong>ISBN<\/strong>&nbsp;<a href=\"https:\/\/isbn.bnp.gob.pe\/catalogo.php?mode=detalle&amp;nt=155678\">978-612-323-122-4<\/a><br><img loading=\"lazy\" decoding=\"async\" width=\"250\" height=\"300\" class=\"wp-image-1142\" style=\"width: 250px;\" src=\"https:\/\/accf.unitru.edu.pe\/wp-content\/uploads\/2025\/05\/IMG_3387.png\" alt=\"\" srcset=\"https:\/\/accf.unitru.edu.pe\/wp-content\/uploads\/2025\/05\/IMG_3387.png 516w, https:\/\/accf.unitru.edu.pe\/wp-content\/uploads\/2025\/05\/IMG_3387-250x300.png 250w\" sizes=\"auto, (max-width: 250px) 100vw, 250px\" \/><\/td><\/tr><tr><td><strong>Desarrollo del pensamiento l\u00f3gico matem\u00e1tico<\/strong><br>Autor:<a href=\"http:\/\/isbn.bnp.gob.pe\/catalogo.php?mode=busqueda_menu&amp;id_autor=48672\">Torres Ledesma, C\u00e9sar<\/a><br><a href=\"http:\/\/isbn.bnp.gob.pe\/catalogo.php?mode=busqueda_menu&amp;id_autor=71443\">Cuti Guti\u00e9rrez, Hern\u00e1n<\/a><br><a href=\"http:\/\/isbn.bnp.gob.pe\/catalogo.php?mode=busqueda_menu&amp;id_autor=71448\">\u00c1valos Rodr\u00edguez, Jes\u00fas Pascual<\/a><br><a href=\"http:\/\/isbn.bnp.gob.pe\/catalogo.php?mode=busqueda_menu&amp;id_autor=73907\">Montalvo Bonilla, Manuel Cosme<\/a><br><a href=\"http:\/\/isbn.bnp.gob.pe\/catalogo.php?mode=busqueda_menu&amp;id_autor=80985\">Zubiaga Vera, Willy Frank<\/a><br>Editorial:&nbsp;<a href=\"http:\/\/isbn.bnp.gob.pe\/catalogo.php?mode=busqueda_menu&amp;id_editor=1125\">Universidad Nacional de Trujillo<\/a><br>Materia:&nbsp;<a href=\"http:\/\/isbn.bnp.gob.pe\/catalogo.php?mode=busqueda_menu&amp;id_materia=512\">Algebra. teor\u00eda de los n\u00fameros<\/a><br>P\u00fablico objetivo:&nbsp;<a href=\"http:\/\/isbn.bnp.gob.pe\/catalogo.php?mode=busqueda_menu&amp;id_audiencia=5\">Ense\u00f1anza universitaria o superior<\/a><br>Publicado:2023-01-31<br>N\u00famero de edici\u00f3n:1<br>N\u00famero de p\u00e1ginas:340<br>Tama\u00f1o:17.5&#215;23.5cm.<br>Precio:S\/60<br>Encuadernaci\u00f3n:Tapa blanda o r\u00fastica<br>Soporte:Impreso<br>Idioma:Espa\u00f1olConsulta compra:&nbsp;<a href=\"mailto:accf@unitru.Edu.pe\">accf@unitru.edu.pe<\/a>&nbsp;<a href=\"https:\/\/drive.google.com\/file\/d\/1lvjrmQXYw3UmL9ue6W99uibJUFwjZLNt\/view?usp=sharing\" target=\"_blank\" rel=\"noreferrer noopener\">\u00cdndice<\/a><\/td><td><strong>ISBN&nbsp;<a href=\"http:\/\/isbn.bnp.gob.pe\/catalogo.php?mode=detalle&amp;nt=135034\" target=\"_blank\" rel=\"noreferrer noopener\">978-612-323-071-5<\/a><\/strong><br><img decoding=\"async\" class=\"wp-image-1032\" style=\"width: 350px;\" src=\"https:\/\/accf.unitru.edu.pe\/wp-content\/uploads\/2024\/04\/book12.png\" alt=\"\"><img loading=\"lazy\" decoding=\"async\" width=\"150\" height=\"176\" class=\"wp-image-1045\" style=\"width: 150px;\" src=\"https:\/\/accf.unitru.edu.pe\/wp-content\/uploads\/2024\/04\/book12.png\" alt=\"\" srcset=\"https:\/\/accf.unitru.edu.pe\/wp-content\/uploads\/2024\/04\/book12.png 527w, https:\/\/accf.unitru.edu.pe\/wp-content\/uploads\/2024\/04\/book12-255x300.png 255w\" sizes=\"auto, (max-width: 150px) 100vw, 150px\" \/><img loading=\"lazy\" decoding=\"async\" width=\"150\" height=\"176\" class=\"wp-image-1045\" style=\"width: 150px;\" src=\"https:\/\/accf.unitru.edu.pe\/wp-content\/uploads\/2024\/04\/book12.png\" alt=\"\" srcset=\"https:\/\/accf.unitru.edu.pe\/wp-content\/uploads\/2024\/04\/book12.png 527w, https:\/\/accf.unitru.edu.pe\/wp-content\/uploads\/2024\/04\/book12-255x300.png 255w\" sizes=\"auto, (max-width: 150px) 100vw, 150px\" \/><img loading=\"lazy\" decoding=\"async\" width=\"300\" height=\"353\" class=\"wp-image-1052\" style=\"width: 300px;\" src=\"https:\/\/accf.unitru.edu.pe\/wp-content\/uploads\/2024\/04\/book12-1.png\" alt=\"\" srcset=\"https:\/\/accf.unitru.edu.pe\/wp-content\/uploads\/2024\/04\/book12-1.png 527w, https:\/\/accf.unitru.edu.pe\/wp-content\/uploads\/2024\/04\/book12-1-255x300.png 255w\" sizes=\"auto, (max-width: 300px) 100vw, 300px\" \/><img loading=\"lazy\" decoding=\"async\" width=\"300\" height=\"353\" class=\"wp-image-1079\" style=\"width: 300px;\" src=\"https:\/\/accf.unitru.edu.pe\/wp-content\/uploads\/2024\/05\/book12.png\" alt=\"\" srcset=\"https:\/\/accf.unitru.edu.pe\/wp-content\/uploads\/2024\/05\/book12.png 527w, https:\/\/accf.unitru.edu.pe\/wp-content\/uploads\/2024\/05\/book12-255x300.png 255w\" sizes=\"auto, (max-width: 300px) 100vw, 300px\" \/><\/td><\/tr><tr><td><strong>Introducci\u00f3n a los espacios de Sobolev<\/strong>&nbsp;Autor:<a href=\"http:\/\/isbn.bnp.gob.pe\/catalogo.php?mode=busqueda_menu&amp;id_autor=48672\">Torres Ledesma, C\u00e9sar<\/a><br><a href=\"http:\/\/isbn.bnp.gob.pe\/catalogo.php?mode=busqueda_menu&amp;id_autor=48673\">Oliveira Alves, Claudianor<\/a><br><a href=\"http:\/\/isbn.bnp.gob.pe\/catalogo.php?mode=busqueda_menu&amp;id_autor=71443\">Cuti Guti\u00e9rrez, Hern\u00e1n<\/a><br><a href=\"http:\/\/isbn.bnp.gob.pe\/catalogo.php?mode=busqueda_menu&amp;id_autor=71448\">\u00c1valos Rodr\u00edguez, Jes\u00fas Pascual<\/a><br><a href=\"http:\/\/isbn.bnp.gob.pe\/catalogo.php?mode=busqueda_menu&amp;id_autor=73907\">Montalvo Bonilla, Manuel Cosme<\/a><br>Editorial:<a href=\"http:\/\/isbn.bnp.gob.pe\/catalogo.php?mode=busqueda_menu&amp;id_editor=1125\">Universidad Nacional de Trujillo<\/a><br>Materia:<a href=\"http:\/\/isbn.bnp.gob.pe\/catalogo.php?mode=busqueda_menu&amp;id_materia=515.3\">C\u00e1lculo y ecuaciones diferenciales<\/a><br>P\u00fablico objetivo:<a href=\"http:\/\/isbn.bnp.gob.pe\/catalogo.php?mode=busqueda_menu&amp;id_audiencia=5\">Ense\u00f1anza universitaria o superior<\/a><br>Publicado:2021-12-15<br>N\u00famero de edici\u00f3n:1<br>N\u00famero de p\u00e1ginas:150<br>Tama\u00f1o:18x24cm.<br>Precio:S\/85<br>Encuadernaci\u00f3n:Tapa blanda o r\u00fastica<br>Soporte:Impreso<br>Idioma:Espa\u00f1olConsulta compra:&nbsp;<a href=\"mailto:accf@unitru.Edu.pe\">accf@unitru.edu.pe<\/a>&nbsp;<a href=\"http:\/\/jesus-avalos.ucoz.com\/_ld\/6\/687_Introduccin_a_l.pdf\" target=\"_blank\" rel=\"noreferrer noopener\">Indice<\/a><\/td><td><strong>ISBN<a href=\"http:\/\/isbn.bnp.gob.pe\/catalogo.php?mode=detalle&amp;nt=124631\" target=\"_blank\" rel=\"noreferrer noopener\">&nbsp;978-612-323-052-4<\/a><\/strong><br><img loading=\"lazy\" decoding=\"async\" width=\"300\" height=\"365\" class=\"wp-image-1081\" style=\"width: 300px;\" src=\"https:\/\/accf.unitru.edu.pe\/wp-content\/uploads\/2024\/05\/book5.png\" alt=\"\" srcset=\"https:\/\/accf.unitru.edu.pe\/wp-content\/uploads\/2024\/05\/book5.png 510w, https:\/\/accf.unitru.edu.pe\/wp-content\/uploads\/2024\/05\/book5-247x300.png 247w\" sizes=\"auto, (max-width: 300px) 100vw, 300px\" \/><br><br>&nbsp;<img loading=\"lazy\" decoding=\"async\" width=\"300\" height=\"365\" class=\"wp-image-1050\" style=\"width: 300px;\" src=\"https:\/\/accf.unitru.edu.pe\/wp-content\/uploads\/2024\/04\/book5.png\" alt=\"\" srcset=\"https:\/\/accf.unitru.edu.pe\/wp-content\/uploads\/2024\/04\/book5.png 510w, https:\/\/accf.unitru.edu.pe\/wp-content\/uploads\/2024\/04\/book5-247x300.png 247w\" sizes=\"auto, (max-width: 300px) 100vw, 300px\" \/><\/td><\/tr><tr><td><strong>Introducci\u00f3n al c\u00e1lculo en espacios normados<\/strong><a href=\"http:\/\/www.accf.unitru.edu.pe\/images\/ARCHIVOS\/Books\/B1-ct.pdf\" target=\"_blank\" rel=\"noreferrer noopener\">Autor:<\/a><a href=\"http:\/\/isbn.bnp.gob.pe\/catalogo.php?mode=busqueda_menu&amp;id_autor=48672\">Torres Ledesma, C\u00e9sar<\/a><br><a href=\"http:\/\/isbn.bnp.gob.pe\/catalogo.php?mode=busqueda_menu&amp;id_autor=71443\">Cuti Guti\u00e9rrez, Hern\u00e1n<\/a><br><a href=\"http:\/\/isbn.bnp.gob.pe\/catalogo.php?mode=busqueda_menu&amp;id_autor=71448\">\u00c1valos Rodr\u00edguez, Jes\u00fas Pascual<\/a><br>Editorial:<a href=\"http:\/\/isbn.bnp.gob.pe\/catalogo.php?mode=busqueda_menu&amp;id_editor=1125\">Universidad Nacional de Trujillo<\/a><br>Materia:<a href=\"http:\/\/isbn.bnp.gob.pe\/catalogo.php?mode=busqueda_menu&amp;id_materia=515.3\">C\u00e1lculo y ecuaciones diferenciales<\/a><br>P\u00fablico objetivo:<a href=\"http:\/\/isbn.bnp.gob.pe\/catalogo.php?mode=busqueda_menu&amp;id_audiencia=5\">Ense\u00f1anza universitaria o superior<\/a><br>Publicado:2021-07-30<br>N\u00famero de edici\u00f3n:1<br>N\u00famero de p\u00e1ginas:120<br>Tama\u00f1o:18x24cm.<br>Encuadernaci\u00f3n:Tapa blanda o r\u00fastica<br>Soporte:Impreso<br>Idioma:Espa\u00f1olPrecio: S\/85.00Consulta compra:&nbsp;<a href=\"mailto:accf@unitru.Edu.pe\">accf@unitru.edu.pe<\/a>&nbsp;<a href=\"http:\/\/jesus-avalos.ucoz.com\/_ld\/6\/686_INTRODUCCION_AL.pdf\" target=\"_blank\" rel=\"noreferrer noopener\">Indice<\/a><\/td><td>&nbsp;ISBN:<a href=\"http:\/\/isbn.bnp.gob.pe\/catalogo.php?mode=detalle&amp;nt=120722\" target=\"_blank\" rel=\"noreferrer noopener\">978-612-323-050-0<\/a><br><img loading=\"lazy\" decoding=\"async\" width=\"300\" height=\"389\" class=\"wp-image-1083\" style=\"width: 300px;\" src=\"https:\/\/accf.unitru.edu.pe\/wp-content\/uploads\/2024\/05\/book4.png\" alt=\"\" srcset=\"https:\/\/accf.unitru.edu.pe\/wp-content\/uploads\/2024\/05\/book4.png 478w, https:\/\/accf.unitru.edu.pe\/wp-content\/uploads\/2024\/05\/book4-231x300.png 231w\" sizes=\"auto, (max-width: 300px) 100vw, 300px\" \/><\/td><\/tr><tr><td><strong>Una introducci\u00f3n a las ecuaciones el\u00edpticas<\/strong>Autor:<a href=\"http:\/\/isbn.bnp.gob.pe\/catalogo.php?mode=busqueda_menu&amp;id_autor=48672\">Torres Ledesma, C\u00e9sar<\/a><br><a href=\"http:\/\/isbn.bnp.gob.pe\/catalogo.php?mode=busqueda_menu&amp;id_autor=48673\">Oliveira Alves, Claudianor<\/a><br>Editorial:<a href=\"http:\/\/isbn.bnp.gob.pe\/catalogo.php?mode=busqueda_menu&amp;id_editor=1125\">Universidad Nacional de Trujillo<\/a><br>Materia:<a href=\"http:\/\/isbn.bnp.gob.pe\/catalogo.php?mode=busqueda_menu&amp;id_materia=500\">Ciencias naturales y Matem\u00e1ticas<\/a><br>Publicado:2017-05-29<br>N\u00famero de edici\u00f3n:1<br>N\u00famero de p\u00e1ginas:88<br>Tama\u00f1o:20.5&#215;14.5cm.<br>Encuadernaci\u00f3n:Pasta<br>Soporte:Impreso<br>Idioma:Espa\u00f1ol&nbsp;Precio: S\/55.00Consulta compra:&nbsp;<a href=\"mailto:accf@unitru.Edu.pe\">accf@unitru.edu.pe<\/a>&nbsp;<a href=\"http:\/\/www.accf.unitru.edu.pe\/images\/ARCHIVOS\/Books\/B1-ct.pdf\" target=\"_blank\" rel=\"noreferrer noopener\">Indice<\/a><\/td><td><strong>ISBN:<\/strong><a href=\"http:\/\/isbn.bnp.gob.pe\/catalogo.php?mode=detalle&amp;nt=87551\" target=\"_blank\" rel=\"noreferrer noopener\">978-9972-213-99-1<\/a><br><img loading=\"lazy\" decoding=\"async\" width=\"300\" height=\"310\" class=\"wp-image-1085\" style=\"width: 300px;\" src=\"https:\/\/accf.unitru.edu.pe\/wp-content\/uploads\/2024\/05\/book.png\" alt=\"\" srcset=\"https:\/\/accf.unitru.edu.pe\/wp-content\/uploads\/2024\/05\/book.png 600w, https:\/\/accf.unitru.edu.pe\/wp-content\/uploads\/2024\/05\/book-290x300.png 290w\" sizes=\"auto, (max-width: 300px) 100vw, 300px\" \/><br><br><img decoding=\"async\" class=\"wp-image-1035\" style=\"width: 350px;\" src=\"https:\/\/accf.unitru.edu.pe\/wp-content\/uploads\/2024\/04\/book16.png\" alt=\"\">&nbsp;<\/td><\/tr><tr><td>&nbsp;<\/td><\/tr><\/tbody><\/table><\/figure>\n","protected":false},"excerpt":{"rendered":"<p>Introducci\u00f3n al an\u00e1lisis matem\u00e1ticoAutor:Torres Ledesma, C\u00e9sar Enrique\u00c1valos Rodr\u00edguez, Jes\u00fas PascualCuti<\/p>\n","protected":false},"author":2,"featured_media":0,"parent":0,"menu_order":0,"comment_status":"closed","ping_status":"closed","template":"","meta":{"footnotes":""},"class_list":["post-325","page","type-page","status-publish","hentry"],"_links":{"self":[{"href":"https:\/\/accf.unitru.edu.pe\/index.php\/wp-json\/wp\/v2\/pages\/325","targetHints":{"allow":["GET"]}}],"collection":[{"href":"https:\/\/accf.unitru.edu.pe\/index.php\/wp-json\/wp\/v2\/pages"}],"about":[{"href":"https:\/\/accf.unitru.edu.pe\/index.php\/wp-json\/wp\/v2\/types\/page"}],"author":[{"embeddable":true,"href":"https:\/\/accf.unitru.edu.pe\/index.php\/wp-json\/wp\/v2\/users\/2"}],"replies":[{"embeddable":true,"href":"https:\/\/accf.unitru.edu.pe\/index.php\/wp-json\/wp\/v2\/comments?post=325"}],"version-history":[{"count":17,"href":"https:\/\/accf.unitru.edu.pe\/index.php\/wp-json\/wp\/v2\/pages\/325\/revisions"}],"predecessor-version":[{"id":1152,"href":"https:\/\/accf.unitru.edu.pe\/index.php\/wp-json\/wp\/v2\/pages\/325\/revisions\/1152"}],"wp:attachment":[{"href":"https:\/\/accf.unitru.edu.pe\/index.php\/wp-json\/wp\/v2\/media?parent=325"}],"curies":[{"name":"wp","href":"https:\/\/api.w.org\/{rel}","templated":true}]}}