{"id":163,"date":"2023-05-18T12:11:20","date_gmt":"2023-05-18T12:11:20","guid":{"rendered":"https:\/\/accf2.unitru.edu.pe\/?page_id=163"},"modified":"2025-09-30T20:06:26","modified_gmt":"2025-09-30T20:06:26","slug":"validate","status":"publish","type":"page","link":"https:\/\/accf.unitru.edu.pe\/index.php\/validate","title":{"rendered":"Validate"},"content":{"rendered":"\n<figure class=\"wp-block-table\"><table><tbody><tr><td><strong>A\u00d1O&nbsp;<\/strong><\/td><td><strong>EVENTO ACAD\u00c9MICO<\/strong><\/td><\/tr><tr><td>2025<\/td><td><a href=\"https:\/\/accf.unitru.edu.pe\/index.php\/validate\/sisd-2025\">SEMINARIO INTERNACIONAL: INTRODUCCI\u00d3N A LOS SISTEMAS DIN\u00c1MICOS<\/a><\/td><\/tr><tr><td>2023<\/td><td><a href=\"https:\/\/accf.unitru.edu.pe\/index.php\/validate\/iiisianl\">III SEMINARIO INTERNACIONAL DE AN\u00c1LISIS NO LINEAL<\/a><\/td><\/tr><tr><td>2023<\/td><td><a href=\"https:\/\/accf.unitru.edu.pe\/index.php\/validate\/8-eventos-academicos\/64-planes-de-gestion-de-datos-fair-para-investigacion\">PLANES DE GESTI\u00d3N DE DATOS FAIR PARA INVESTIGACI\u00d3N<\/a><\/td><\/tr><tr><td>2023<\/td><td><a href=\"https:\/\/accf.unitru.edu.pe\/index.php\/validate\/8-eventos-academicos\/53-introduccion-al-analisis-funcional-y-aplicaciones-a-las-ecuaciones-diferenciales-parciales\">SEMINARIO: INTRODUCCI\u00d3N AL AN\u00c1LISIS<\/a><a href=\"https:\/\/accf.unitru.edu.pe\/index.php\/validate\/8-eventos-academicos\/54-seminario-introduccion-al-analisis-funcional-y-aplicaciones-a-las-ecuaciones-diferenciales-parciales?preview=true\"> FUNCIONAL Y APLICACIONES&nbsp;A LAS ECUACIONES DIFERENCIALES PARCIALES<\/a><\/td><\/tr><tr><td>2022<\/td><td><a href=\"https:\/\/accf.unitru.edu.pe\/index.php\/validate\/8-eventos-academicos\/52-c-seminario-introduccion-a-los-espacios-de-sobolev-y-metodos-variacionales-2\">SEMINARIO: INTRODUCCI\u00d3N A LOS ESPACIOS DE SOBOLEV Y M\u00c9TODOS VARIACIONALES<\/a><\/td><\/tr><tr><td>2021<\/td><td><a href=\"https:\/\/accf.unitru.edu.pe\/index.php\/validate\/8-eventos-academicos\/49-seminario-internacional-de-ecuaciones-diferenciales-calculo-fraccionario-y-aplicaciones-certificados\">SEMINARIO INTERNACIONAL DE ECUACIONES DIFERENCIALES, C\u00c1LCULO FRACCIONARIO Y APLICACIONES<\/a><\/td><\/tr><tr><td>2020<\/td><td><a href=\"https:\/\/accf2.unitru.edu.pe\/index.php\/validate-2-uncategorised-46-difusion-del-analisis-real-en-la-region-la-libertad\/\">DIFUSI\u00d3N DEL AN\u00c1LISIS REAL EN LA REGI\u00d3N LA LIBERTAD<\/a>&nbsp;<\/td><\/tr><tr><td>2019<\/td><td><a href=\"https:\/\/accf.unitru.edu.pe\/index.php\/validate\/8-eventos-academicos\/46-difusion-del-analisis-real-en-la-region-la-libertad-2\">&nbsp;I SEMINARIO INTERNACIONAL DE DID\u00c1CTICA DE LA MATEM\u00c1TICA&nbsp;<\/a><br><a href=\"https:\/\/accf.unitru.edu.pe\/index.php\/validate\/8-eventos-academicos\/32-asistentes-ii-sianl-unt-2019?preview=true\">II SEMINARIO INTERNACIONAL DE AN\u00c1LISIS NO LINEAL<\/a>&nbsp;<\/td><\/tr><\/tbody><\/table><\/figure>\n\n\n\n<figure class=\"wp-block-table has-small-font-size\"><table><tbody><tr><td>A\u00f1o<\/td><td><strong>EXPOSITORES INVITADOS A CONFERENCIAS &#8211; ACCF&nbsp;<\/strong><\/td><\/tr><tr><td>2020<\/td><td><strong>Manuel Gonz\u00e1lez Espinoza<\/strong>&nbsp;&#8211;&nbsp;<strong>\u201cTeor\u00edas de gravedad teleparalela en cosmolog\u00eda\u201d<\/strong>Pontificia Universidad Cat\u00f3lica de Valpara\u00edso &#8211; Chile.&nbsp;30\/01\/2020<strong>Daniel Sep\u00falveda Oehninger<\/strong>&nbsp;&#8211;&nbsp;<strong>\u201cSistemas peri\u00f3dicos de tipo quimioestato con retardo en la respuesta de crecimiento\u201d<\/strong>&nbsp;&#8211; Universidad Tecnol\u00f3gica Metropolitana. 19\/02\/2020.<\/td><\/tr><tr><td>2019<\/td><td>&nbsp;<strong>Alex Capu\u00f1ay<\/strong>&nbsp;&nbsp;&#8211; &nbsp;<strong>\u201cAlgorithm to determine fundamental domais of Number fields\u201d<\/strong>. &nbsp;&#8211; &nbsp;Universidad de Chile&nbsp;&#8211; Chile. 20\/02\/2019<strong>Dante Carrasco Olivera<\/strong>&nbsp;&#8211;&nbsp;<strong>\u201cSistemas din\u00e1micos expansivos\u201d&nbsp;<\/strong>Universidad del Bio Bio &#8211; Chile. 16\/08\/2019<\/td><\/tr><\/tbody><\/table><\/figure>\n","protected":false},"excerpt":{"rendered":"<p>A\u00d1O&nbsp; EVENTO ACAD\u00c9MICO 2025 SEMINARIO INTERNACIONAL: INTRODUCCI\u00d3N A LOS SISTEMAS<\/p>\n","protected":false},"author":2,"featured_media":0,"parent":0,"menu_order":0,"comment_status":"closed","ping_status":"closed","template":"","meta":{"footnotes":""},"class_list":["post-163","page","type-page","status-publish","hentry"],"_links":{"self":[{"href":"https:\/\/accf.unitru.edu.pe\/index.php\/wp-json\/wp\/v2\/pages\/163","targetHints":{"allow":["GET"]}}],"collection":[{"href":"https:\/\/accf.unitru.edu.pe\/index.php\/wp-json\/wp\/v2\/pages"}],"about":[{"href":"https:\/\/accf.unitru.edu.pe\/index.php\/wp-json\/wp\/v2\/types\/page"}],"author":[{"embeddable":true,"href":"https:\/\/accf.unitru.edu.pe\/index.php\/wp-json\/wp\/v2\/users\/2"}],"replies":[{"embeddable":true,"href":"https:\/\/accf.unitru.edu.pe\/index.php\/wp-json\/wp\/v2\/comments?post=163"}],"version-history":[{"count":38,"href":"https:\/\/accf.unitru.edu.pe\/index.php\/wp-json\/wp\/v2\/pages\/163\/revisions"}],"predecessor-version":[{"id":1171,"href":"https:\/\/accf.unitru.edu.pe\/index.php\/wp-json\/wp\/v2\/pages\/163\/revisions\/1171"}],"wp:attachment":[{"href":"https:\/\/accf.unitru.edu.pe\/index.php\/wp-json\/wp\/v2\/media?parent=163"}],"curies":[{"name":"wp","href":"https:\/\/api.w.org\/{rel}","templated":true}]}}