{"id":151,"date":"2023-05-18T12:01:03","date_gmt":"2023-05-18T12:01:03","guid":{"rendered":"https:\/\/accf2.unitru.edu.pe\/?page_id=151"},"modified":"2024-05-07T17:35:31","modified_gmt":"2024-05-07T17:35:31","slug":"boletin-accf","status":"publish","type":"page","link":"https:\/\/accf.unitru.edu.pe\/index.php\/boletin-accf","title":{"rendered":"Bolet\u00edn ACCF"},"content":{"rendered":"\n<figure class=\"wp-block-image aligncenter size-full\"><img loading=\"lazy\" decoding=\"async\" width=\"826\" height=\"590\" src=\"https:\/\/accf2.unitru.edu.pe\/wp-content\/uploads\/2023\/05\/IMG_0312.png\" alt=\"\" class=\"wp-image-555\" srcset=\"https:\/\/accf.unitru.edu.pe\/wp-content\/uploads\/2023\/05\/IMG_0312.png 826w, https:\/\/accf.unitru.edu.pe\/wp-content\/uploads\/2023\/05\/IMG_0312-300x214.png 300w, https:\/\/accf.unitru.edu.pe\/wp-content\/uploads\/2023\/05\/IMG_0312-768x549.png 768w\" sizes=\"auto, (max-width: 826px) 100vw, 826px\" \/><\/figure>\n\n\n\n<p>Temarios relacionados al quehacer matem\u00e1tico<\/p>\n\n\n\n<ul class=\"wp-block-list\">\n<li>Notas period\u00edsticas.<\/li>\n\n\n\n<li>Notas hist\u00f3ricas.<\/li>\n\n\n\n<li>Apuntes&nbsp;de clase.<\/li>\n<\/ul>\n\n\n\n<hr class=\"wp-block-separator has-alpha-channel-opacity\"\/>\n\n\n\n<figure class=\"wp-block-table\"><table><tbody><tr><td>A\u00f1o<\/td><td>N\u00famero<\/td><td>T\u00edtulo<\/td><td>Autor(es)<\/td><\/tr><tr><td>2023<\/td><td>001<\/td><td><a href=\"https:\/\/drive.google.com\/file\/d\/1EL3GStzRHCtQRob7kynh6roDWaQhhNLG\/view?usp=drivesdk\">C\u00e1lculo del \u00e1rea de un pol\u00edgono en R2<\/a><\/td><td>Jes\u00fas Pascual Avalos Rodr\u00edguez<\/td><\/tr><tr><td>2023<\/td><td>002<\/td><td><a href=\"https:\/\/drive.google.com\/file\/d\/1pHX-gy1ZlqRKoBj7hVXZmkagL-lOf22v\/view?usp=share_link\">Teorema de Banach-Alaoglu-Bourbaki<\/a><\/td><td>Oliverio Pichardo Diestra<\/td><\/tr><\/tbody><\/table><\/figure>\n","protected":false},"excerpt":{"rendered":"<p>Temarios relacionados al quehacer matem\u00e1tico A\u00f1o N\u00famero T\u00edtulo Autor(es) 2023<\/p>\n","protected":false},"author":2,"featured_media":0,"parent":0,"menu_order":0,"comment_status":"closed","ping_status":"closed","template":"","meta":{"footnotes":""},"class_list":["post-151","page","type-page","status-publish","hentry"],"_links":{"self":[{"href":"https:\/\/accf.unitru.edu.pe\/index.php\/wp-json\/wp\/v2\/pages\/151","targetHints":{"allow":["GET"]}}],"collection":[{"href":"https:\/\/accf.unitru.edu.pe\/index.php\/wp-json\/wp\/v2\/pages"}],"about":[{"href":"https:\/\/accf.unitru.edu.pe\/index.php\/wp-json\/wp\/v2\/types\/page"}],"author":[{"embeddable":true,"href":"https:\/\/accf.unitru.edu.pe\/index.php\/wp-json\/wp\/v2\/users\/2"}],"replies":[{"embeddable":true,"href":"https:\/\/accf.unitru.edu.pe\/index.php\/wp-json\/wp\/v2\/comments?post=151"}],"version-history":[{"count":7,"href":"https:\/\/accf.unitru.edu.pe\/index.php\/wp-json\/wp\/v2\/pages\/151\/revisions"}],"predecessor-version":[{"id":1072,"href":"https:\/\/accf.unitru.edu.pe\/index.php\/wp-json\/wp\/v2\/pages\/151\/revisions\/1072"}],"wp:attachment":[{"href":"https:\/\/accf.unitru.edu.pe\/index.php\/wp-json\/wp\/v2\/media?parent=151"}],"curies":[{"name":"wp","href":"https:\/\/api.w.org\/{rel}","templated":true}]}}