{"id":147,"date":"2023-05-18T11:58:08","date_gmt":"2023-05-18T11:58:08","guid":{"rendered":"https:\/\/accf2.unitru.edu.pe\/?page_id=147"},"modified":"2024-04-22T02:52:02","modified_gmt":"2024-04-22T02:52:02","slug":"informacion-del-sitio","status":"publish","type":"page","link":"https:\/\/accf.unitru.edu.pe\/index.php\/informacion-del-sitio","title":{"rendered":"Informaci\u00f3n del sitio"},"content":{"rendered":"\n<p class=\"has-small-font-size\">El \u00c1rea Cient\u00edfica &nbsp;de C\u00e1lculo Fraccionario, tiene por objetivo el estudio y an\u00e1lisis del \u00e1rea de la matem\u00e1tica que&nbsp;lleva su nombre: C\u00c1LCULO FRACCIONARIO, llevando a cabo el estudio de las ecuaciones diferenciales fraccionarias, &nbsp;problemas el\u00edpticos fraccionarios y&nbsp;teoremas de existencia y unicidad.<\/p>\n\n\n\n<p>UNIVERSIDAD NACIONAL DE TRUJILLO<\/p>\n\n\n\n<figure class=\"wp-block-image aligncenter size-full\"><img loading=\"lazy\" decoding=\"async\" width=\"895\" height=\"875\" src=\"https:\/\/accf2.unitru.edu.pe\/wp-content\/uploads\/2023\/05\/IMG_4846.png\" alt=\"\" class=\"wp-image-553\" srcset=\"https:\/\/accf.unitru.edu.pe\/wp-content\/uploads\/2023\/05\/IMG_4846.png 895w, https:\/\/accf.unitru.edu.pe\/wp-content\/uploads\/2023\/05\/IMG_4846-300x293.png 300w, https:\/\/accf.unitru.edu.pe\/wp-content\/uploads\/2023\/05\/IMG_4846-768x751.png 768w\" sizes=\"auto, (max-width: 895px) 100vw, 895px\" \/><\/figure>\n\n\n\n<h2 class=\"wp-block-heading\">Facultad de Ciencias F\u00edsicas y Matem\u00e1ticas<\/h2>\n\n\n\n<h5 class=\"wp-block-heading has-small-font-size\">Departamento Acad\u00e9mico de Matem\u00e1ticas<\/h5>\n\n\n\n<p class=\"has-small-font-size\">Informaci\u00f3n de contacto:&nbsp;<a href=\"mailto:accf@unitru.edu.pe\">accf@unitru.edu.pe<\/a><\/p>\n","protected":false},"excerpt":{"rendered":"<p>El \u00c1rea Cient\u00edfica &nbsp;de C\u00e1lculo Fraccionario, tiene por objetivo el<\/p>\n","protected":false},"author":2,"featured_media":0,"parent":0,"menu_order":0,"comment_status":"closed","ping_status":"closed","template":"","meta":{"footnotes":""},"class_list":["post-147","page","type-page","status-publish","hentry"],"_links":{"self":[{"href":"https:\/\/accf.unitru.edu.pe\/index.php\/wp-json\/wp\/v2\/pages\/147","targetHints":{"allow":["GET"]}}],"collection":[{"href":"https:\/\/accf.unitru.edu.pe\/index.php\/wp-json\/wp\/v2\/pages"}],"about":[{"href":"https:\/\/accf.unitru.edu.pe\/index.php\/wp-json\/wp\/v2\/types\/page"}],"author":[{"embeddable":true,"href":"https:\/\/accf.unitru.edu.pe\/index.php\/wp-json\/wp\/v2\/users\/2"}],"replies":[{"embeddable":true,"href":"https:\/\/accf.unitru.edu.pe\/index.php\/wp-json\/wp\/v2\/comments?post=147"}],"version-history":[{"count":3,"href":"https:\/\/accf.unitru.edu.pe\/index.php\/wp-json\/wp\/v2\/pages\/147\/revisions"}],"predecessor-version":[{"id":1044,"href":"https:\/\/accf.unitru.edu.pe\/index.php\/wp-json\/wp\/v2\/pages\/147\/revisions\/1044"}],"wp:attachment":[{"href":"https:\/\/accf.unitru.edu.pe\/index.php\/wp-json\/wp\/v2\/media?parent=147"}],"curies":[{"name":"wp","href":"https:\/\/api.w.org\/{rel}","templated":true}]}}