{"id":137,"date":"2023-05-18T03:56:46","date_gmt":"2023-05-18T03:56:46","guid":{"rendered":"https:\/\/accf2.unitru.edu.pe\/?page_id=137"},"modified":"2025-10-31T17:03:43","modified_gmt":"2025-10-31T17:03:43","slug":"inicio","status":"publish","type":"page","link":"https:\/\/accf.unitru.edu.pe\/","title":{"rendered":"Inicio"},"content":{"rendered":"\n<p><a href=\"https:\/\/accf.unitru.edu.pe\/index.php\/eventos-academicos\/sisd\"><strong>Seminario Internacional: Introducci\u00f3n a los Sistemas Din\u00e1micos<\/strong><\/a><\/p>\n\n\n\n<figure class=\"wp-block-image size-large is-resized\"><a href=\"https:\/\/docs.google.com\/forms\/d\/e\/1FAIpQLSdmq9q59giANQevF5pLdGveZ-HhVyWrnu5dEtKBjfGikes1bA\/viewform\" target=\"_blank\" rel=\"noreferrer noopener\"><img loading=\"lazy\" decoding=\"async\" width=\"894\" height=\"1024\" src=\"https:\/\/accf.unitru.edu.pe\/wp-content\/uploads\/2025\/10\/SIISD-2-894x1024.png\" alt=\"\" class=\"wp-image-1213\" style=\"width:840px;height:auto\" srcset=\"https:\/\/accf.unitru.edu.pe\/wp-content\/uploads\/2025\/10\/SIISD-2-894x1024.png 894w, https:\/\/accf.unitru.edu.pe\/wp-content\/uploads\/2025\/10\/SIISD-2-262x300.png 262w, https:\/\/accf.unitru.edu.pe\/wp-content\/uploads\/2025\/10\/SIISD-2-768x880.png 768w, https:\/\/accf.unitru.edu.pe\/wp-content\/uploads\/2025\/10\/SIISD-2-1341x1536.png 1341w, https:\/\/accf.unitru.edu.pe\/wp-content\/uploads\/2025\/10\/SIISD-2-1788x2048.png 1788w, https:\/\/accf.unitru.edu.pe\/wp-content\/uploads\/2025\/10\/SIISD-2-1024x1173.png 1024w\" sizes=\"auto, (max-width: 894px) 100vw, 894px\" \/><\/a><\/figure>\n\n\n\n<hr class=\"wp-block-separator has-alpha-channel-opacity\"\/>\n\n\n\n<p><a href=\"https:\/\/accf.unitru.edu.pe\/index.php\/eventos-academicos\/11-academic-events\/conferencia-giovany_malcher_figueiredo\"><strong>Conferencia: On the energy of the ground state solution for a generalized Kadomtsev-Petviashvili equation<\/strong><\/a><\/p>\n\n\n\n<figure class=\"wp-block-gallery has-nested-images columns-default is-cropped wp-block-gallery-1 is-layout-flex wp-block-gallery-is-layout-flex\">\n<figure class=\"wp-block-image size-large is-style-default\"><img loading=\"lazy\" decoding=\"async\" width=\"724\" height=\"1024\" data-id=\"1268\" src=\"https:\/\/accf.unitru.edu.pe\/wp-content\/uploads\/2025\/10\/png-1-724x1024.png\" alt=\"\" class=\"wp-image-1268\" srcset=\"https:\/\/accf.unitru.edu.pe\/wp-content\/uploads\/2025\/10\/png-1-724x1024.png 724w, https:\/\/accf.unitru.edu.pe\/wp-content\/uploads\/2025\/10\/png-1-212x300.png 212w, https:\/\/accf.unitru.edu.pe\/wp-content\/uploads\/2025\/10\/png-1-768x1086.png 768w, https:\/\/accf.unitru.edu.pe\/wp-content\/uploads\/2025\/10\/png-1-1086x1536.png 1086w, https:\/\/accf.unitru.edu.pe\/wp-content\/uploads\/2025\/10\/png-1-1449x2048.png 1449w, https:\/\/accf.unitru.edu.pe\/wp-content\/uploads\/2025\/10\/png-1-1024x1448.png 1024w, https:\/\/accf.unitru.edu.pe\/wp-content\/uploads\/2025\/10\/png-1.png 1808w\" sizes=\"auto, (max-width: 724px) 100vw, 724px\" \/><\/figure>\n<\/figure>\n\n\n\n<p><strong>Reconocimientos:<\/strong><\/p>\n\n\n\n<figure class=\"wp-block-image size-large\"><img loading=\"lazy\" decoding=\"async\" width=\"1024\" height=\"727\" src=\"https:\/\/accf.unitru.edu.pe\/wp-content\/uploads\/2024\/10\/Escaneado-7-oct.-2024-1.55-p.-m.-pagina-1-1024x727.jpg\" alt=\"\" class=\"wp-image-1127\" srcset=\"https:\/\/accf.unitru.edu.pe\/wp-content\/uploads\/2024\/10\/Escaneado-7-oct.-2024-1.55-p.-m.-pagina-1-1024x727.jpg 1024w, https:\/\/accf.unitru.edu.pe\/wp-content\/uploads\/2024\/10\/Escaneado-7-oct.-2024-1.55-p.-m.-pagina-1-300x213.jpg 300w, https:\/\/accf.unitru.edu.pe\/wp-content\/uploads\/2024\/10\/Escaneado-7-oct.-2024-1.55-p.-m.-pagina-1-768x545.jpg 768w, https:\/\/accf.unitru.edu.pe\/wp-content\/uploads\/2024\/10\/Escaneado-7-oct.-2024-1.55-p.-m.-pagina-1-1536x1090.jpg 1536w, https:\/\/accf.unitru.edu.pe\/wp-content\/uploads\/2024\/10\/Escaneado-7-oct.-2024-1.55-p.-m.-pagina-1-2048x1453.jpg 2048w\" sizes=\"auto, (max-width: 1024px) 100vw, 1024px\" \/><\/figure>\n\n\n\n<figure class=\"wp-block-image size-large\"><img loading=\"lazy\" decoding=\"async\" width=\"1024\" height=\"726\" src=\"https:\/\/accf.unitru.edu.pe\/wp-content\/uploads\/2024\/10\/Escaneado-7-oct.-2024-1.55-p.-m.-pagina-2-1024x726.jpg\" alt=\"\" class=\"wp-image-1128\" srcset=\"https:\/\/accf.unitru.edu.pe\/wp-content\/uploads\/2024\/10\/Escaneado-7-oct.-2024-1.55-p.-m.-pagina-2-1024x726.jpg 1024w, https:\/\/accf.unitru.edu.pe\/wp-content\/uploads\/2024\/10\/Escaneado-7-oct.-2024-1.55-p.-m.-pagina-2-300x213.jpg 300w, https:\/\/accf.unitru.edu.pe\/wp-content\/uploads\/2024\/10\/Escaneado-7-oct.-2024-1.55-p.-m.-pagina-2-768x545.jpg 768w, https:\/\/accf.unitru.edu.pe\/wp-content\/uploads\/2024\/10\/Escaneado-7-oct.-2024-1.55-p.-m.-pagina-2-1536x1090.jpg 1536w, https:\/\/accf.unitru.edu.pe\/wp-content\/uploads\/2024\/10\/Escaneado-7-oct.-2024-1.55-p.-m.-pagina-2-2048x1453.jpg 2048w\" sizes=\"auto, (max-width: 1024px) 100vw, 1024px\" \/><\/figure>\n\n\n\n<hr class=\"wp-block-separator has-alpha-channel-opacity\"\/>\n\n\n\n<figure class=\"wp-block-image size-large is-resized\"><img loading=\"lazy\" decoding=\"async\" width=\"724\" height=\"1024\" src=\"https:\/\/accf.unitru.edu.pe\/wp-content\/uploads\/2024\/09\/7150418-1-724x1024.png\" alt=\"\" class=\"wp-image-1105\" style=\"width:840px;height:auto\" srcset=\"https:\/\/accf.unitru.edu.pe\/wp-content\/uploads\/2024\/09\/7150418-1-724x1024.png 724w, https:\/\/accf.unitru.edu.pe\/wp-content\/uploads\/2024\/09\/7150418-1-212x300.png 212w, https:\/\/accf.unitru.edu.pe\/wp-content\/uploads\/2024\/09\/7150418-1-768x1086.png 768w, https:\/\/accf.unitru.edu.pe\/wp-content\/uploads\/2024\/09\/7150418-1-1086x1536.png 1086w, https:\/\/accf.unitru.edu.pe\/wp-content\/uploads\/2024\/09\/7150418-1-1448x2048.png 1448w, https:\/\/accf.unitru.edu.pe\/wp-content\/uploads\/2024\/09\/7150418-1-1024x1448.png 1024w\" sizes=\"auto, (max-width: 724px) 100vw, 724px\" \/><figcaption class=\"wp-element-caption\"><a href=\"https:\/\/drive.google.com\/file\/d\/1qLb5oOjKuR0S4pvG5yBxtQT0r2UINsUC\/view?usp=sharing\">Descarga de notas de minicurso<\/a><\/figcaption><\/figure>\n\n\n\n<p><\/p>\n\n\n\n<hr class=\"wp-block-separator has-alpha-channel-opacity\"\/>\n\n\n\n<p>Pr\u00f3ximamente estar\u00e1n disponibles la segunda edici\u00f3n del libro de <strong>DESARROLLO DEL PENSAMIENTO L\u00d3GICO MATEM\u00c1TICO<\/strong>, y la primera edici\u00f3n de <strong>INTRODUCCI\u00d3N AN\u00c1LISIS MATEM\u00c1TICO<\/strong><\/p>\n\n\n\n<p>Consultas: accf@unitru.edu.pe<\/p>\n\n\n\n<div class=\"wp-block-columns is-layout-flex wp-container-core-columns-is-layout-28f84493 wp-block-columns-is-layout-flex\">\n<div class=\"wp-block-column is-layout-flow wp-block-column-is-layout-flow\">\n<figure class=\"wp-block-gallery has-nested-images columns-default is-cropped wp-block-gallery-2 is-layout-flex wp-block-gallery-is-layout-flex\">\n<figure class=\"wp-block-image size-large\"><img loading=\"lazy\" decoding=\"async\" width=\"516\" height=\"620\" data-id=\"1076\" src=\"https:\/\/accf.unitru.edu.pe\/wp-content\/uploads\/2024\/05\/book14.png\" alt=\"\" class=\"wp-image-1076\" srcset=\"https:\/\/accf.unitru.edu.pe\/wp-content\/uploads\/2024\/05\/book14.png 516w, https:\/\/accf.unitru.edu.pe\/wp-content\/uploads\/2024\/05\/book14-250x300.png 250w\" sizes=\"auto, (max-width: 516px) 100vw, 516px\" \/><figcaption class=\"wp-element-caption\"><kbd><strong>N\u00b0134-2024\/FCFYM-Dec<\/strong><\/kbd><\/figcaption><\/figure>\n<\/figure>\n<\/div>\n\n\n\n<div class=\"wp-block-column is-layout-flow wp-block-column-is-layout-flow\">\n<figure class=\"wp-block-image size-full\"><img loading=\"lazy\" decoding=\"async\" width=\"516\" height=\"620\" src=\"https:\/\/accf.unitru.edu.pe\/wp-content\/uploads\/2024\/05\/book15.png\" alt=\"\" class=\"wp-image-1077\" srcset=\"https:\/\/accf.unitru.edu.pe\/wp-content\/uploads\/2024\/05\/book15.png 516w, https:\/\/accf.unitru.edu.pe\/wp-content\/uploads\/2024\/05\/book15-250x300.png 250w\" sizes=\"auto, (max-width: 516px) 100vw, 516px\" \/><figcaption class=\"wp-element-caption\"><kbd><strong>N\u00b0135-2024\/FCFYM-Dec.<\/strong><\/kbd><\/figcaption><\/figure>\n<\/div>\n<\/div>\n\n\n\n<h4 class=\"wp-block-heading\"><a href=\"https:\/\/www.youtube.com\/@areacientificadecalculofra9242\/videos\" target=\"_blank\" rel=\"noreferrer noopener\"><\/a><\/h4>\n\n\n\n<figure class=\"wp-block-image size-large\"><img loading=\"lazy\" decoding=\"async\" width=\"1024\" height=\"576\" src=\"https:\/\/accf.unitru.edu.pe\/wp-content\/uploads\/2023\/09\/IMG_6052-1024x576.png\" alt=\"\" class=\"wp-image-967\" srcset=\"https:\/\/accf.unitru.edu.pe\/wp-content\/uploads\/2023\/09\/IMG_6052-1024x576.png 1024w, https:\/\/accf.unitru.edu.pe\/wp-content\/uploads\/2023\/09\/IMG_6052-300x169.png 300w, https:\/\/accf.unitru.edu.pe\/wp-content\/uploads\/2023\/09\/IMG_6052-768x432.png 768w, https:\/\/accf.unitru.edu.pe\/wp-content\/uploads\/2023\/09\/IMG_6052-1536x864.png 1536w, https:\/\/accf.unitru.edu.pe\/wp-content\/uploads\/2023\/09\/IMG_6052-2048x1152.png 2048w\" sizes=\"auto, (max-width: 1024px) 100vw, 1024px\" \/><figcaption class=\"wp-element-caption\">Foto de clausura de III Seminario Internacional de An\u00e1lisis no Lineal (2023).<\/figcaption><\/figure>\n\n\n\n<hr class=\"wp-block-separator has-alpha-channel-opacity\"\/>\n\n\n\n<figure class=\"wp-block-image size-large\"><img loading=\"lazy\" decoding=\"async\" width=\"1024\" height=\"768\" src=\"https:\/\/accf2.unitru.edu.pe\/wp-content\/uploads\/2023\/05\/IMG_1070-1-1024x768.jpeg\" alt=\"\" class=\"wp-image-463\" srcset=\"https:\/\/accf.unitru.edu.pe\/wp-content\/uploads\/2023\/05\/IMG_1070-1-1024x768.jpeg 1024w, https:\/\/accf.unitru.edu.pe\/wp-content\/uploads\/2023\/05\/IMG_1070-1-300x225.jpeg 300w, https:\/\/accf.unitru.edu.pe\/wp-content\/uploads\/2023\/05\/IMG_1070-1-768x576.jpeg 768w, https:\/\/accf.unitru.edu.pe\/wp-content\/uploads\/2023\/05\/IMG_1070-1-1536x1152.jpeg 1536w, https:\/\/accf.unitru.edu.pe\/wp-content\/uploads\/2023\/05\/IMG_1070-1-2048x1536.jpeg 2048w\" sizes=\"auto, (max-width: 1024px) 100vw, 1024px\" \/><\/figure>\n\n\n\n<p>Foto de clausura de II Seminario Internacional de An\u00e1lisis no Lineal y el I Seminario Internacional de Did\u00e1ctica de la Matem\u00e1tica (2019).<\/p>\n","protected":false},"excerpt":{"rendered":"<p>Seminario Internacional: Introducci\u00f3n a los Sistemas Din\u00e1micos Conferencia: On the<\/p>\n","protected":false},"author":2,"featured_media":0,"parent":0,"menu_order":0,"comment_status":"closed","ping_status":"closed","template":"","meta":{"footnotes":""},"class_list":["post-137","page","type-page","status-publish","hentry"],"_links":{"self":[{"href":"https:\/\/accf.unitru.edu.pe\/index.php\/wp-json\/wp\/v2\/pages\/137","targetHints":{"allow":["GET"]}}],"collection":[{"href":"https:\/\/accf.unitru.edu.pe\/index.php\/wp-json\/wp\/v2\/pages"}],"about":[{"href":"https:\/\/accf.unitru.edu.pe\/index.php\/wp-json\/wp\/v2\/types\/page"}],"author":[{"embeddable":true,"href":"https:\/\/accf.unitru.edu.pe\/index.php\/wp-json\/wp\/v2\/users\/2"}],"replies":[{"embeddable":true,"href":"https:\/\/accf.unitru.edu.pe\/index.php\/wp-json\/wp\/v2\/comments?post=137"}],"version-history":[{"count":57,"href":"https:\/\/accf.unitru.edu.pe\/index.php\/wp-json\/wp\/v2\/pages\/137\/revisions"}],"predecessor-version":[{"id":1293,"href":"https:\/\/accf.unitru.edu.pe\/index.php\/wp-json\/wp\/v2\/pages\/137\/revisions\/1293"}],"wp:attachment":[{"href":"https:\/\/accf.unitru.edu.pe\/index.php\/wp-json\/wp\/v2\/media?parent=137"}],"curies":[{"name":"wp","href":"https:\/\/api.w.org\/{rel}","templated":true}]}}